{"id":3543,"date":"2024-06-17T11:11:58","date_gmt":"2024-06-17T09:11:58","guid":{"rendered":"https:\/\/charismatic-leadership.com\/?page_id=3543"},"modified":"2024-06-17T11:16:45","modified_gmt":"2024-06-17T09:16:45","slug":"ty-book-coaching-call","status":"publish","type":"page","link":"https:\/\/charismatic-leadership.com\/de\/ty-book-coaching-call\/","title":{"rendered":"Thank you &#8211; Buch + Coaching-Call"},"content":{"rendered":"\t\t<div data-elementor-type=\"wp-page\" data-elementor-id=\"3543\" class=\"elementor elementor-3543\" data-elementor-post-type=\"page\">\n\t\t\t\t<div class=\"elementor-element elementor-element-70109a5 e-flex e-con-boxed e-con e-parent\" data-id=\"70109a5\" data-element_type=\"container\" data-settings=\"{&quot;background_background&quot;:&quot;classic&quot;,&quot;content_width&quot;:&quot;boxed&quot;}\" data-core-v316-plus=\"true\">\n\t\t\t\t\t<div class=\"e-con-inner\">\n\t\t\t\t<div class=\"elementor-element elementor-element-0fad4ce elementor-position-left elementor-mobile-position-left elementor-vertical-align-middle elementor-vertical-align-bottom elementor-view-default elementor-widget elementor-widget-icon-box\" data-id=\"0fad4ce\" data-element_type=\"widget\" data-widget_type=\"icon-box.default\">\n\t\t\t\t<div class=\"elementor-widget-container\">\n\t\t\t<link rel=\"stylesheet\" href=\"https:\/\/charismatic-leadership.com\/wp-content\/plugins\/elementor\/assets\/css\/widget-icon-box.min.css\">\t\t<div class=\"elementor-icon-box-wrapper\">\n\t\t\t\t\t\t<div class=\"elementor-icon-box-icon\">\n\t\t\t\t<span  class=\"elementor-icon elementor-animation-\">\n\t\t\t\t<svg aria-hidden=\"true\" class=\"e-font-icon-svg e-fas-check-circle\" viewBox=\"0 0 512 512\" xmlns=\"http:\/\/www.w3.org\/2000\/svg\"><path d=\"M504 256c0 136.967-111.033 248-248 248S8 392.967 8 256 119.033 8 256 8s248 111.033 248 248zM227.314 387.314l184-184c6.248-6.248 6.248-16.379 0-22.627l-22.627-22.627c-6.248-6.249-16.379-6.249-22.628 0L216 308.118l-70.059-70.059c-6.248-6.248-16.379-6.248-22.628 0l-22.627 22.627c-6.248 6.248-6.248 16.379 0 22.627l104 104c6.249 6.249 16.379 6.249 22.628.001z\"><\/path><\/svg>\t\t\t\t<\/span>\n\t\t\t<\/div>\n\t\t\t\t\t\t<div class=\"elementor-icon-box-content\">\n\t\t\t\t<p class=\"elementor-icon-box-title\">\n\t\t\t\t\t<span  >\n\t\t\t\t\t\tDeine Bestellung (Buch & Coaching-call) war erfolgreich!\t\t\t\t\t<\/span>\n\t\t\t\t<\/p>\n\t\t\t\t\t\t\t<\/div>\n\t\t<\/div>\n\t\t\t\t<\/div>\n\t\t\t\t<\/div>\n\t\t\t\t\t<\/div>\n\t\t\t\t<\/div>\n\t\t<div class=\"elementor-element elementor-element-c6da2d4 e-flex e-con-boxed e-con e-parent\" data-id=\"c6da2d4\" data-element_type=\"container\" data-settings=\"{&quot;background_background&quot;:&quot;classic&quot;,&quot;content_width&quot;:&quot;boxed&quot;}\" data-core-v316-plus=\"true\">\n\t\t\t\t\t<div class=\"e-con-inner\">\n\t\t<div class=\"elementor-element elementor-element-0ca51c4 e-con-full e-flex e-con e-child\" data-id=\"0ca51c4\" data-element_type=\"container\" data-settings=\"{&quot;content_width&quot;:&quot;full&quot;}\">\n\t\t\t\t<div class=\"elementor-element elementor-element-c42d742 elementor-position-left elementor-mobile-position-left elementor-vertical-align-middle elementor-vertical-align-middle elementor-hidden-mobile elementor-view-default elementor-widget elementor-widget-icon-box\" data-id=\"c42d742\" data-element_type=\"widget\" data-widget_type=\"icon-box.default\">\n\t\t\t\t<div class=\"elementor-widget-container\">\n\t\t\t\t\t<div class=\"elementor-icon-box-wrapper\">\n\t\t\t\t\t\t<div class=\"elementor-icon-box-icon\">\n\t\t\t\t<span  class=\"elementor-icon elementor-animation-\">\n\t\t\t\t<svg aria-hidden=\"true\" class=\"e-font-icon-svg e-fas-shipping-fast\" viewBox=\"0 0 640 512\" xmlns=\"http:\/\/www.w3.org\/2000\/svg\"><path d=\"M624 352h-16V243.9c0-12.7-5.1-24.9-14.1-33.9L494 110.1c-9-9-21.2-14.1-33.9-14.1H416V48c0-26.5-21.5-48-48-48H112C85.5 0 64 21.5 64 48v48H8c-4.4 0-8 3.6-8 8v16c0 4.4 3.6 8 8 8h272c4.4 0 8 3.6 8 8v16c0 4.4-3.6 8-8 8H40c-4.4 0-8 3.6-8 8v16c0 4.4 3.6 8 8 8h208c4.4 0 8 3.6 8 8v16c0 4.4-3.6 8-8 8H8c-4.4 0-8 3.6-8 8v16c0 4.4 3.6 8 8 8h208c4.4 0 8 3.6 8 8v16c0 4.4-3.6 8-8 8H64v128c0 53 43 96 96 96s96-43 96-96h128c0 53 43 96 96 96s96-43 96-96h48c8.8 0 16-7.2 16-16v-32c0-8.8-7.2-16-16-16zM160 464c-26.5 0-48-21.5-48-48s21.5-48 48-48 48 21.5 48 48-21.5 48-48 48zm320 0c-26.5 0-48-21.5-48-48s21.5-48 48-48 48 21.5 48 48-21.5 48-48 48zm80-208H416V144h44.1l99.9 99.9V256z\"><\/path><\/svg>\t\t\t\t<\/span>\n\t\t\t<\/div>\n\t\t\t\t\t\t<div class=\"elementor-icon-box-content\">\n\t\t\t\t<h1 class=\"elementor-icon-box-title\">\n\t\t\t\t\t<span  >\n\t\t\t\t\t\tDein Buch ist auf dem Weg zu Dir\t\t\t\t\t<\/span>\n\t\t\t\t<\/h1>\n\t\t\t\t\t\t\t<\/div>\n\t\t<\/div>\n\t\t\t\t<\/div>\n\t\t\t\t<\/div>\n\t\t\t\t<div class=\"elementor-element elementor-element-a48c999 elementor-widget elementor-widget-text-editor\" data-id=\"a48c999\" data-element_type=\"widget\" data-widget_type=\"text-editor.default\">\n\t\t\t\t<div class=\"elementor-widget-container\">\n\t\t\t<style>\/*! elementor - v3.19.0 - 07-02-2024 *\/\n.elementor-widget-text-editor.elementor-drop-cap-view-stacked .elementor-drop-cap{background-color:#69727d;color:#fff}.elementor-widget-text-editor.elementor-drop-cap-view-framed .elementor-drop-cap{color:#69727d;border:3px solid;background-color:transparent}.elementor-widget-text-editor:not(.elementor-drop-cap-view-default) .elementor-drop-cap{margin-top:8px}.elementor-widget-text-editor:not(.elementor-drop-cap-view-default) .elementor-drop-cap-letter{width:1em;height:1em}.elementor-widget-text-editor .elementor-drop-cap{float:left;text-align:center;line-height:1;font-size:50px}.elementor-widget-text-editor .elementor-drop-cap-letter{display:inline-block}<\/style>\t\t\t\t<p>Vielen Dank f\u00fcr Deine Bestellung.\u00a0<span style=\"text-align: var(--text-align);\">Die Abbuchung erfolgt durch Digistore24.<\/span><\/p><p><span style=\"text-align: var(--text-align);\">Du erh\u00e4ltst eine E-Mail mit allen Bestellinformationen und auch den Zugang zu Deinen Inhalten.<\/span><\/p><p><span style=\"text-align: var(--text-align);\">Das Buch wird nun in den Versand gegeben und dann Dir per Deutsche Post zugestellt.<\/span><\/p><p><span style=\"text-align: var(--text-align);\">Wenn Du Fragen hast, melde Dich mit Deine Bestellnummer unter support-leadership@af-media.org<\/span><\/p>\t\t\t\t\t\t<\/div>\n\t\t\t\t<\/div>\n\t\t\t\t<\/div>\n\t\t<div class=\"elementor-element elementor-element-22664bd e-con-full elementor-hidden-tablet elementor-hidden-mobile e-flex e-con e-child\" data-id=\"22664bd\" data-element_type=\"container\" data-settings=\"{&quot;content_width&quot;:&quot;full&quot;}\">\n\t\t\t\t<\/div>\n\t\t\t\t\t<\/div>\n\t\t\t\t<\/div>\n\t\t<div class=\"elementor-element elementor-element-bbc2baf e-flex e-con-boxed e-con e-parent\" data-id=\"bbc2baf\" data-element_type=\"container\" data-settings=\"{&quot;content_width&quot;:&quot;boxed&quot;}\" data-core-v316-plus=\"true\">\n\t\t\t\t\t<div class=\"e-con-inner\">\n\t\t<div class=\"elementor-element elementor-element-396fab5 e-con-full e-flex e-con e-child\" data-id=\"396fab5\" data-element_type=\"container\" data-settings=\"{&quot;content_width&quot;:&quot;full&quot;}\">\n\t\t\t\t<div class=\"elementor-element elementor-element-2b627eb elementor-widget elementor-widget-heading\" data-id=\"2b627eb\" data-element_type=\"widget\" data-widget_type=\"heading.default\">\n\t\t\t\t<div class=\"elementor-widget-container\">\n\t\t\t<style>\/*! elementor - v3.19.0 - 07-02-2024 *\/\n.elementor-heading-title{padding:0;margin:0;line-height:1}.elementor-widget-heading .elementor-heading-title[class*=elementor-size-]>a{color:inherit;font-size:inherit;line-height:inherit}.elementor-widget-heading .elementor-heading-title.elementor-size-small{font-size:15px}.elementor-widget-heading .elementor-heading-title.elementor-size-medium{font-size:19px}.elementor-widget-heading .elementor-heading-title.elementor-size-large{font-size:29px}.elementor-widget-heading .elementor-heading-title.elementor-size-xl{font-size:39px}.elementor-widget-heading .elementor-heading-title.elementor-size-xxl{font-size:59px}<\/style><h2 class=\"elementor-heading-title elementor-size-default\">So geht es nun weiter:<\/h2>\t\t<\/div>\n\t\t\t\t<\/div>\n\t\t\t\t<div class=\"elementor-element elementor-element-8903ab6 elementor-widget elementor-widget-text-editor\" data-id=\"8903ab6\" data-element_type=\"widget\" data-widget_type=\"text-editor.default\">\n\t\t\t\t<div class=\"elementor-widget-container\">\n\t\t\t\t\t\t\t<ol><li>Jemand aus unserem Team wird sich innerhalb <strong>der n\u00e4chsten 12 Stunden<\/strong> mit Dir in Verbindung setzen, um Deine <strong>aktuellen<\/strong> <strong>Herausforderungen<\/strong> zu ermitteln und <strong>Deine<\/strong> <strong>Ziele<\/strong> zu verstehen. Anschlie\u00dfend wirst Du einen <strong>Termin<\/strong> f\u00fcr den<strong> 1:1 Coaching-Call<\/strong> mit einem <strong>Experten<\/strong> erhalten, der sich genauestens mit Deiner Situation auskennt.<br \/><br \/><\/li><li>Der Experte wird Dich zum vereinbarten Termin kontaktieren und mit Dir tiefer in Deine <strong>Ist-Situation<\/strong>, Deine <strong>Probleme<\/strong> und Deine <strong>Ziele<\/strong> eintauchen, um ein besseres Verst\u00e4ndnis zu erlangen. Im Verlauf des Gespr\u00e4chs wird der Experte Dir aufzeigen, welche Bereiche Du m\u00f6glicherweise \u00fcbersehen hast und wo Deine Barrieren liegen. Gemeinsam werdet Ihr Deine <em>\u201crote Zone\u201d<\/em> erkunden und die wahren Ursachen f\u00fcr Deine <strong>Probleme<\/strong> und <strong>Herausforderungen<\/strong> herausarbeiten.<br \/><br \/><\/li><li>Basierend auf Deiner Ist-Situation, Deinen aktuellen <strong>Problemen<\/strong> und Deinen individuellen <strong>Zielen<\/strong>, wird Dir der Experte ma\u00dfgeschneiderte <strong>Handlungsempfehlungen<\/strong> und Schritte an die Hand geben. Du wirst genau verstehen, wo Du ansetzen musst, um Deine Probleme von Grund auf zu l\u00f6sen und Deine Ziele schneller zu erreichen. Zudem wirst Du lernen, zuk\u00fcnftige <strong>Herausforderungen<\/strong> eigenst\u00e4ndig und effektiv zu bew\u00e4ltigen. Du wirst verstehen, wie Du Deine <strong>blinden<\/strong> <strong>Flecken<\/strong> identifizierst und die notwendigen Informationen zur L\u00f6sung Deiner Probleme selbstst\u00e4ndig beschaffst.<\/li><\/ol>\t\t\t\t\t\t<\/div>\n\t\t\t\t<\/div>\n\t\t\t\t<\/div>\n\t\t<div class=\"elementor-element elementor-element-f1127ee e-con-full e-flex e-con e-child\" data-id=\"f1127ee\" data-element_type=\"container\" data-settings=\"{&quot;content_width&quot;:&quot;full&quot;}\">\n\t\t\t\t<div class=\"elementor-element elementor-element-e91b943 elementor-widget elementor-widget-image\" data-id=\"e91b943\" data-element_type=\"widget\" data-widget_type=\"image.default\">\n\t\t\t\t<div class=\"elementor-widget-container\">\n\t\t\t<style>\/*! elementor - v3.19.0 - 07-02-2024 *\/\n.elementor-widget-image{text-align:center}.elementor-widget-image a{display:inline-block}.elementor-widget-image a img[src$=\".svg\"]{width:48px}.elementor-widget-image img{vertical-align:middle;display:inline-block}<\/style>\t\t\t\t\t\t\t\t\t\t<img fetchpriority=\"high\" decoding=\"async\" width=\"422\" height=\"360\" src=\"https:\/\/charismatic-leadership.com\/wp-content\/uploads\/2024\/03\/event-ticket-people.png\" class=\"attachment-full size-full wp-image-303\" alt=\"\" srcset=\"https:\/\/charismatic-leadership.com\/wp-content\/uploads\/2024\/03\/event-ticket-people.png 422w, https:\/\/charismatic-leadership.com\/wp-content\/uploads\/2024\/03\/event-ticket-people-300x256.png 300w\" sizes=\"(max-width: 422px) 100vw, 422px\" \/>\t\t\t\t\t\t\t\t\t\t\t\t\t<\/div>\n\t\t\t\t<\/div>\n\t\t\t\t<\/div>\n\t\t\t\t\t<\/div>\n\t\t\t\t<\/div>\n\t\t<div class=\"elementor-element elementor-element-8c59f44 e-flex e-con-boxed e-con e-parent\" data-id=\"8c59f44\" data-element_type=\"container\" data-settings=\"{&quot;background_background&quot;:&quot;classic&quot;,&quot;content_width&quot;:&quot;boxed&quot;}\" data-core-v316-plus=\"true\">\n\t\t\t\t\t<div class=\"e-con-inner\">\n\t\t\t\t<div class=\"elementor-element elementor-element-246481d elementor-widget elementor-widget-image\" data-id=\"246481d\" data-element_type=\"widget\" data-widget_type=\"image.default\">\n\t\t\t\t<div class=\"elementor-widget-container\">\n\t\t\t\t\t\t\t\t\t\t\t\t\t\t<a href=\"https:\/\/alex-fischer-duesseldorf.de\/\">\n\t\t\t\t\t\t\t<img decoding=\"async\" width=\"134\" height=\"64\" src=\"https:\/\/charismatic-leadership.com\/wp-content\/uploads\/2024\/02\/fischer-cie-logo-1.png\" class=\"attachment-full size-full wp-image-120\" alt=\"\" \/>\t\t\t\t\t\t\t\t<\/a>\n\t\t\t\t\t\t\t\t\t\t\t\t\t<\/div>\n\t\t\t\t<\/div>\n\t\t\t\t<div class=\"elementor-element elementor-element-705a0bb elementor-nav-menu__align-center elementor-nav-menu--dropdown-none elementor-widget elementor-widget-nav-menu\" data-id=\"705a0bb\" data-element_type=\"widget\" data-settings=\"{&quot;layout&quot;:&quot;horizontal&quot;,&quot;submenu_icon&quot;:{&quot;value&quot;:&quot;&lt;svg class=\\&quot;e-font-icon-svg e-fas-caret-down\\&quot; viewBox=\\&quot;0 0 320 512\\&quot; xmlns=\\&quot;http:\\\/\\\/www.w3.org\\\/2000\\\/svg\\&quot;&gt;&lt;path d=\\&quot;M31.3 192h257.3c17.8 0 26.7 21.5 14.1 34.1L174.1 354.8c-7.8 7.8-20.5 7.8-28.3 0L17.2 226.1C4.6 213.5 13.5 192 31.3 192z\\&quot;&gt;&lt;\\\/path&gt;&lt;\\\/svg&gt;&quot;,&quot;library&quot;:&quot;fa-solid&quot;}}\" data-widget_type=\"nav-menu.default\">\n\t\t\t\t<div class=\"elementor-widget-container\">\n\t\t\t<link rel=\"stylesheet\" href=\"https:\/\/charismatic-leadership.com\/wp-content\/plugins\/elementor-pro\/assets\/css\/widget-nav-menu.min.css\">\t\t\t<nav class=\"elementor-nav-menu--main elementor-nav-menu__container elementor-nav-menu--layout-horizontal e--pointer-none\">\n\t\t\t\t<ul id=\"menu-1-705a0bb\" class=\"elementor-nav-menu\"><li class=\"menu-item menu-item-type-custom menu-item-object-custom menu-item-20\"><a target=\"_blank\" href=\"https:\/\/alex-fischer-duesseldorf.de\/datenschutz\" class=\"elementor-item\">Datenschutz<\/a><\/li>\n<li class=\"menu-item menu-item-type-custom menu-item-object-custom menu-item-21\"><a target=\"_blank\" href=\"https:\/\/alex-fischer-duesseldorf.de\/agb\" class=\"elementor-item\">AGB<\/a><\/li>\n<li class=\"menu-item menu-item-type-custom menu-item-object-custom menu-item-22\"><a target=\"_blank\" href=\"https:\/\/alex-fischer-duesseldorf.de\/impressum\" class=\"elementor-item\">Impressum<\/a><\/li>\n<li class=\"menu-item menu-item-type-custom menu-item-object-custom menu-item-23\"><a target=\"_blank\" href=\"https:\/\/alex-fischer-duesseldorf.de\/kontakt\" class=\"elementor-item\">Kontakt<\/a><\/li>\n<\/ul>\t\t\t<\/nav>\n\t\t\t\t\t\t<nav class=\"elementor-nav-menu--dropdown elementor-nav-menu__container\" aria-hidden=\"true\">\n\t\t\t\t<ul id=\"menu-2-705a0bb\" class=\"elementor-nav-menu\"><li class=\"menu-item menu-item-type-custom menu-item-object-custom menu-item-20\"><a target=\"_blank\" href=\"https:\/\/alex-fischer-duesseldorf.de\/datenschutz\" class=\"elementor-item\" tabindex=\"-1\">Datenschutz<\/a><\/li>\n<li class=\"menu-item menu-item-type-custom menu-item-object-custom menu-item-21\"><a target=\"_blank\" href=\"https:\/\/alex-fischer-duesseldorf.de\/agb\" class=\"elementor-item\" tabindex=\"-1\">AGB<\/a><\/li>\n<li class=\"menu-item menu-item-type-custom menu-item-object-custom menu-item-22\"><a target=\"_blank\" href=\"https:\/\/alex-fischer-duesseldorf.de\/impressum\" class=\"elementor-item\" tabindex=\"-1\">Impressum<\/a><\/li>\n<li class=\"menu-item menu-item-type-custom menu-item-object-custom menu-item-23\"><a target=\"_blank\" href=\"https:\/\/alex-fischer-duesseldorf.de\/kontakt\" class=\"elementor-item\" tabindex=\"-1\">Kontakt<\/a><\/li>\n<\/ul>\t\t\t<\/nav>\n\t\t\t\t<\/div>\n\t\t\t\t<\/div>\n\t\t\t\t<div class=\"elementor-element elementor-element-56033ff elementor-widget elementor-widget-text-editor\" data-id=\"56033ff\" data-element_type=\"widget\" data-widget_type=\"text-editor.default\">\n\t\t\t\t<div class=\"elementor-widget-container\">\n\t\t\t\t\t\t\t<p>\u00a9 2024 &#8211; AFM GmbH<\/p>\t\t\t\t\t\t<\/div>\n\t\t\t\t<\/div>\n\t\t\t\t\t<\/div>\n\t\t\t\t<\/div>\n\t\t\t\t<\/div>\n\t\t","protected":false},"excerpt":{"rendered":"<p>Deine Bestellung (Buch &#038; Coaching-call) war erfolgreich! Dein Buch ist auf dem Weg zu Dir Vielen Dank f\u00fcr Deine Bestellung.\u00a0Die Abbuchung erfolgt durch Digistore24. Du erh\u00e4ltst eine E-Mail mit allen Bestellinformationen und auch den Zugang zu Deinen Inhalten. Das Buch wird nun in den Versand gegeben und dann Dir per Deutsche Post zugestellt. Wenn Du [&hellip;]<\/p>\n","protected":false},"author":1,"featured_media":0,"parent":0,"menu_order":0,"comment_status":"closed","ping_status":"closed","template":"elementor_canvas","meta":{"_acf_changed":false,"footnotes":""},"class_list":["post-3543","page","type-page","status-publish","hentry"],"acf":[],"yoast_head":"<!-- This site is optimized with the Yoast SEO plugin v22.0 - https:\/\/yoast.com\/wordpress\/plugins\/seo\/ -->\n<title>Deine Bestellung (Buch &amp; Coaching-Call) war erfolgreich!<\/title>\n<meta name=\"description\" content=\"Vielen Dank f\u00fcr Deine Bestellung. Dein Buch wird nun an Dich versendet.\" \/>\n<meta name=\"robots\" content=\"index, follow, max-snippet:-1, max-image-preview:large, max-video-preview:-1\" \/>\n<link rel=\"canonical\" href=\"https:\/\/charismatic-leadership.com\/de\/ty-book-coaching-call\/\" \/>\n<meta property=\"og:locale\" content=\"de_DE\" \/>\n<meta property=\"og:type\" content=\"article\" \/>\n<meta property=\"og:title\" content=\"Deine Bestellung (Buch &amp; Coaching-Call) war erfolgreich!\" \/>\n<meta property=\"og:description\" content=\"Vielen Dank f\u00fcr Deine Bestellung. Dein Buch wird nun an Dich versendet.\" \/>\n<meta property=\"og:url\" content=\"https:\/\/charismatic-leadership.com\/de\/ty-book-coaching-call\/\" \/>\n<meta property=\"og:site_name\" content=\"Charismatic Leadership\" \/>\n<meta property=\"article:modified_time\" content=\"2024-06-17T09:16:45+00:00\" \/>\n<meta property=\"og:image\" content=\"https:\/\/charismatic-leadership.com\/wp-content\/uploads\/2024\/03\/event-ticket-people.png\" \/>\n<meta name=\"twitter:card\" content=\"summary_large_image\" \/>\n<meta name=\"twitter:label1\" content=\"Gesch\u00e4tzte Lesezeit\" \/>\n\t<meta name=\"twitter:data1\" content=\"2\u00a0Minuten\" \/>\n<script type=\"application\/ld+json\" class=\"yoast-schema-graph\">{\"@context\":\"https:\/\/schema.org\",\"@graph\":[{\"@type\":\"WebPage\",\"@id\":\"https:\/\/charismatic-leadership.com\/de\/ty-book-coaching-call\/\",\"url\":\"https:\/\/charismatic-leadership.com\/de\/ty-book-coaching-call\/\",\"name\":\"Deine Bestellung (Buch & Coaching-Call) war erfolgreich!\",\"isPartOf\":{\"@id\":\"https:\/\/charismatic-leadership.com\/de\/#website\"},\"datePublished\":\"2024-06-17T09:11:58+00:00\",\"dateModified\":\"2024-06-17T09:16:45+00:00\",\"description\":\"Vielen Dank f\u00fcr Deine Bestellung. Dein Buch wird nun an Dich versendet.\",\"breadcrumb\":{\"@id\":\"https:\/\/charismatic-leadership.com\/de\/ty-book-coaching-call\/#breadcrumb\"},\"inLanguage\":\"de\",\"potentialAction\":[{\"@type\":\"ReadAction\",\"target\":[\"https:\/\/charismatic-leadership.com\/de\/ty-book-coaching-call\/\"]}]},{\"@type\":\"BreadcrumbList\",\"@id\":\"https:\/\/charismatic-leadership.com\/de\/ty-book-coaching-call\/#breadcrumb\",\"itemListElement\":[{\"@type\":\"ListItem\",\"position\":1,\"name\":\"Startseite\",\"item\":\"https:\/\/charismatic-leadership.com\/de\/\"},{\"@type\":\"ListItem\",\"position\":2,\"name\":\"Thank you &#8211; Buch + Coaching-Call\"}]},{\"@type\":\"WebSite\",\"@id\":\"https:\/\/charismatic-leadership.com\/de\/#website\",\"url\":\"https:\/\/charismatic-leadership.com\/de\/\",\"name\":\"Charismatic Leadership\",\"description\":\"\",\"potentialAction\":[{\"@type\":\"SearchAction\",\"target\":{\"@type\":\"EntryPoint\",\"urlTemplate\":\"https:\/\/charismatic-leadership.com\/de\/?s={search_term_string}\"},\"query-input\":\"required name=search_term_string\"}],\"inLanguage\":\"de\"}]}<\/script>\n<!-- \/ Yoast SEO plugin. -->","yoast_head_json":{"title":"Deine Bestellung (Buch & Coaching-Call) war erfolgreich!","description":"Vielen Dank f\u00fcr Deine Bestellung. Dein Buch wird nun an Dich versendet.","robots":{"index":"index","follow":"follow","max-snippet":"max-snippet:-1","max-image-preview":"max-image-preview:large","max-video-preview":"max-video-preview:-1"},"canonical":"https:\/\/charismatic-leadership.com\/de\/ty-book-coaching-call\/","og_locale":"de_DE","og_type":"article","og_title":"Deine Bestellung (Buch & Coaching-Call) war erfolgreich!","og_description":"Vielen Dank f\u00fcr Deine Bestellung. Dein Buch wird nun an Dich versendet.","og_url":"https:\/\/charismatic-leadership.com\/de\/ty-book-coaching-call\/","og_site_name":"Charismatic Leadership","article_modified_time":"2024-06-17T09:16:45+00:00","og_image":[{"url":"https:\/\/charismatic-leadership.com\/wp-content\/uploads\/2024\/03\/event-ticket-people.png"}],"twitter_card":"summary_large_image","twitter_misc":{"Gesch\u00e4tzte Lesezeit":"2\u00a0Minuten"},"schema":{"@context":"https:\/\/schema.org","@graph":[{"@type":"WebPage","@id":"https:\/\/charismatic-leadership.com\/de\/ty-book-coaching-call\/","url":"https:\/\/charismatic-leadership.com\/de\/ty-book-coaching-call\/","name":"Deine Bestellung (Buch & Coaching-Call) war erfolgreich!","isPartOf":{"@id":"https:\/\/charismatic-leadership.com\/de\/#website"},"datePublished":"2024-06-17T09:11:58+00:00","dateModified":"2024-06-17T09:16:45+00:00","description":"Vielen Dank f\u00fcr Deine Bestellung. Dein Buch wird nun an Dich versendet.","breadcrumb":{"@id":"https:\/\/charismatic-leadership.com\/de\/ty-book-coaching-call\/#breadcrumb"},"inLanguage":"de","potentialAction":[{"@type":"ReadAction","target":["https:\/\/charismatic-leadership.com\/de\/ty-book-coaching-call\/"]}]},{"@type":"BreadcrumbList","@id":"https:\/\/charismatic-leadership.com\/de\/ty-book-coaching-call\/#breadcrumb","itemListElement":[{"@type":"ListItem","position":1,"name":"Startseite","item":"https:\/\/charismatic-leadership.com\/de\/"},{"@type":"ListItem","position":2,"name":"Thank you &#8211; Buch + Coaching-Call"}]},{"@type":"WebSite","@id":"https:\/\/charismatic-leadership.com\/de\/#website","url":"https:\/\/charismatic-leadership.com\/de\/","name":"Charismatic Leadership","description":"","potentialAction":[{"@type":"SearchAction","target":{"@type":"EntryPoint","urlTemplate":"https:\/\/charismatic-leadership.com\/de\/?s={search_term_string}"},"query-input":"required name=search_term_string"}],"inLanguage":"de"}]}},"_links":{"self":[{"href":"https:\/\/charismatic-leadership.com\/de\/wp-json\/wp\/v2\/pages\/3543","targetHints":{"allow":["GET"]}}],"collection":[{"href":"https:\/\/charismatic-leadership.com\/de\/wp-json\/wp\/v2\/pages"}],"about":[{"href":"https:\/\/charismatic-leadership.com\/de\/wp-json\/wp\/v2\/types\/page"}],"author":[{"embeddable":true,"href":"https:\/\/charismatic-leadership.com\/de\/wp-json\/wp\/v2\/users\/1"}],"replies":[{"embeddable":true,"href":"https:\/\/charismatic-leadership.com\/de\/wp-json\/wp\/v2\/comments?post=3543"}],"version-history":[{"count":4,"href":"https:\/\/charismatic-leadership.com\/de\/wp-json\/wp\/v2\/pages\/3543\/revisions"}],"predecessor-version":[{"id":3547,"href":"https:\/\/charismatic-leadership.com\/de\/wp-json\/wp\/v2\/pages\/3543\/revisions\/3547"}],"wp:attachment":[{"href":"https:\/\/charismatic-leadership.com\/de\/wp-json\/wp\/v2\/media?parent=3543"}],"curies":[{"name":"wp","href":"https:\/\/api.w.org\/{rel}","templated":true}]}}